{"id":2846,"date":"2025-07-07T18:17:16","date_gmt":"2025-07-07T16:17:16","guid":{"rendered":"https:\/\/pergolasuntech.com\/?page_id=2846"},"modified":"2025-07-07T23:52:07","modified_gmt":"2025-07-07T21:52:07","slug":"productos","status":"publish","type":"page","link":"https:\/\/pergolasuntech.com\/en\/productos\/","title":{"rendered":"PRODUCTOS"},"content":{"rendered":"<div class=\"wp-block-uagb-container uagb-block-ad39d8c1 alignfull uagb-is-root-container\"><div class=\"uagb-container-inner-blocks-wrap\">\n<div class=\"wp-block-uagb-info-box uagb-block-0eab1ec7 uagb-infobox__content-wrap  uagb-infobox-icon-above-title uagb-infobox-image-valign-top\"><div class=\"uagb-ifb-content\"><div class=\"uagb-ifb-title-wrap\"><h5 class=\"uagb-ifb-title-prefix\">Outdoor Confort<\/h5><h1 class=\"uagb-ifb-title\">Design Pergolas for Elegant and Functional Outdoor Living<\/h1><\/div><div class=\"uagb-ifb-button-wrapper wp-block-button\"><a href=\"\/en\/contact\/\" class=\"uagb-infobox-cta-link wp-block-button__link\" target=\"_self\" rel=\"noopener noreferrer\" onclick=\"return true;\"><span class=\"uagb-inline-editing\">CONTACT US<\/span><\/a><\/div><\/div><\/div>\n<\/div><\/div>\n\n\n\n<div class=\"wp-block-uagb-container uagb-block-349e9a96 alignfull uagb-is-root-container\"><div class=\"uagb-container-inner-blocks-wrap\">\n<div class=\"wp-block-uagb-container uagb-block-95e3e37b alignfull uagb-is-root-container\"><div class=\"uagb-container-inner-blocks-wrap\">\n<div class=\"wp-block-uagb-container uagb-block-0cd348b6\">\n<div class=\"wp-block-uagb-advanced-heading uagb-block-00a022fb\"><h2 class=\"uagb-heading-text\">Bioclimatic <a href=\"https:\/\/pergolasuntech.com\/en\/pergola-bioclimatica\/\">Pergola <\/a><\/h2><\/div>\n\n\n\n<p>Discover the perfect harmony between nature and technology with our cutting-edge pergolas. These smart structures adapt to changing weather conditions, offering comfort and control in every season.<\/p>\n<\/div>\n\n\n\n<div class=\"wp-block-uagb-container uagb-block-17e4dbcb\">\n<div class=\"wp-block-uagb-image alignleft uagb-block-4427db1e wp-block-uagb-image--layout-default wp-block-uagb-image--effect-static wp-block-uagb-image--align-left\"><figure class=\"wp-block-uagb-image__figure\"><img loading=\"lazy\" decoding=\"async\" srcset=\"https:\/\/pergolasuntech.com\/wp-content\/uploads\/2024\/05\/KEDRY-SKYLIFE-AUTO_DOPPIA_PAR-2_low_sito-1024x724.jpg ,https:\/\/pergolasuntech.com\/wp-content\/uploads\/2024\/05\/KEDRY-SKYLIFE-AUTO_DOPPIA_PAR-2_low_sito.jpg 780w, https:\/\/pergolasuntech.com\/wp-content\/uploads\/2024\/05\/KEDRY-SKYLIFE-AUTO_DOPPIA_PAR-2_low_sito.jpg 360w\" sizes=\"auto, (max-width: 480px) 150px\" src=\"https:\/\/pergolasuntech.com\/wp-content\/uploads\/2024\/05\/KEDRY-SKYLIFE-AUTO_DOPPIA_PAR-2_low_sito-1024x724.jpg\" alt=\"\" class=\"uag-image-2411\" width=\"560\" height=\"400\" title=\"KEDRY-SKYLIFE-AUTO_DOPPIA_PAR-2_low_sito\" role=\"img\"\/><\/figure><\/div>\n<\/div>\n<\/div><\/div>\n\n\n\n<div class=\"wp-block-uagb-container uagb-block-8fc33841 alignfull uagb-is-root-container\"><div class=\"uagb-container-inner-blocks-wrap\">\n<div class=\"wp-block-uagb-container uagb-block-9f78066f\">\n<div class=\"wp-block-uagb-image alignleft uagb-block-42ba7db7 wp-block-uagb-image--layout-default wp-block-uagb-image--effect-static wp-block-uagb-image--align-left\"><figure class=\"wp-block-uagb-image__figure\"><img loading=\"lazy\" decoding=\"async\" srcset=\"https:\/\/pergolasuntech.com\/wp-content\/uploads\/2024\/05\/Pergola-a-tetto-piano-Isola-3-KE-Referenza-Paullo_2-1-1024x683.webp ,https:\/\/pergolasuntech.com\/wp-content\/uploads\/2024\/05\/Pergola-a-tetto-piano-Isola-3-KE-Referenza-Paullo_2-1.webp 780w, https:\/\/pergolasuntech.com\/wp-content\/uploads\/2024\/05\/Pergola-a-tetto-piano-Isola-3-KE-Referenza-Paullo_2-1.webp 360w\" sizes=\"auto, (max-width: 480px) 150px\" src=\"https:\/\/pergolasuntech.com\/wp-content\/uploads\/2024\/05\/Pergola-a-tetto-piano-Isola-3-KE-Referenza-Paullo_2-1-1024x683.webp\" alt=\"\" class=\"uag-image-2313\" width=\"560\" height=\"400\" title=\"Pergola-a-tetto-piano-Isola-3-KE-Referenza-Paullo_2-1\" role=\"img\"\/><\/figure><\/div>\n<\/div>\n\n\n\n<div class=\"wp-block-uagb-container uagb-block-c0573fd9\">\n<div class=\"wp-block-uagb-advanced-heading uagb-block-8e6d14f3\"><h2 class=\"uagb-heading-text\"><a href=\"https:\/\/pergolasuntech.com\/en\/pergolas\/\">Flat Roof Pergolas<\/a>o<\/h2><\/div>\n\n\n\n<p>Our wall-mounted flat-roof pergolas combine lightweight fabrics with durable aluminum frames for a refined, modern look. With mobile covers, curved or straight designs, dual fabrics, and smart automation, they\u2019re fully customizable to suit your home\u2019s architecture and adapt to any climate. The result? A stylish outdoor area you can enjoy in total comfort.<\/p>\n<\/div>\n<\/div><\/div>\n\n\n\n<div class=\"wp-block-uagb-container uagb-block-52bcd4d6 alignfull uagb-is-root-container\"><div class=\"uagb-container-inner-blocks-wrap\">\n<div class=\"wp-block-uagb-container uagb-block-24f85045\">\n<div class=\"wp-block-uagb-advanced-heading uagb-block-723679d8\"><h2 class=\"uagb-heading-text\"><a data-type=\"page\" data-id=\"2422\" href=\"https:\/\/pergolasuntech.com\/en\/pergola-3\/\">Sloped-Roof Pergolas <\/a>inclinado<\/h2><p class=\"uagb-desc-text\">Enjoy your terrace or garden with an elegant sloped-roof pergola. The dual-layer fabric regulates light and weather: one layer is waterproof, the other filters UV rays. Available in a range of styles and formats, it\u2019s the ideal solution to create protected, designer outdoor spaces in any season.<\/p><\/div>\n<\/div>\n\n\n\n<div class=\"wp-block-uagb-container uagb-block-4e435f26\">\n<div class=\"wp-block-uagb-image alignleft uagb-block-8bb65f13 wp-block-uagb-image--layout-default wp-block-uagb-image--effect-static wp-block-uagb-image--align-left\"><figure class=\"wp-block-uagb-image__figure\"><img loading=\"lazy\" decoding=\"async\" srcset=\"https:\/\/pergolasuntech.com\/wp-content\/uploads\/2024\/05\/Ayent-pergola14-1-1024x767.jpg ,https:\/\/pergolasuntech.com\/wp-content\/uploads\/2024\/05\/Ayent-pergola14-1-scaled.jpg 780w, https:\/\/pergolasuntech.com\/wp-content\/uploads\/2024\/05\/Ayent-pergola14-1-scaled.jpg 360w\" sizes=\"auto, (max-width: 480px) 150px\" src=\"https:\/\/pergolasuntech.com\/wp-content\/uploads\/2024\/05\/Ayent-pergola14-1-1024x767.jpg\" alt=\"\" class=\"uag-image-2412\" width=\"600\" height=\"400\" title=\"Ayent-pergola14-1\" role=\"img\"\/><\/figure><\/div>\n<\/div>\n<\/div><\/div>\n\n\n\n<div class=\"wp-block-uagb-container uagb-block-037ca53a alignfull uagb-is-root-container\"><div class=\"uagb-container-inner-blocks-wrap\">\n<div class=\"wp-block-uagb-container uagb-block-d5cd5ff2\">\n<div class=\"wp-block-uagb-advanced-heading uagb-block-5c3e852a\"><h2 class=\"uagb-heading-text\"><a data-type=\"page\" data-id=\"2458\" href=\"https:\/\/pergolasuntech.com\/en\/pergola-2-2\/\">Awnings<\/a><\/h2><p class=\"uagb-desc-text\">What\u2019s better than enjoying the sun exactly how you like it? Our aluminum awnings are lightweight, durable, and recyclable\u2014perfect for creating shade wherever you need it. Choose from cassette, invisible arms, vertical, or custom formats. With hundreds of fabrics and stylish designs, you can enjoy every corner of your home in complete comfort.<\/p><\/div>\n<\/div>\n\n\n\n<div class=\"wp-block-uagb-container uagb-block-03e145d5\">\n<div class=\"wp-block-uagb-image alignleft uagb-block-f0a2222d wp-block-uagb-image--layout-default wp-block-uagb-image--effect-static wp-block-uagb-image--align-left\"><figure class=\"wp-block-uagb-image__figure\"><img loading=\"lazy\" decoding=\"async\" srcset=\"https:\/\/pergolasuntech.com\/wp-content\/uploads\/2024\/05\/Venezia-GoldAki_low-1024x724-1.webp ,https:\/\/pergolasuntech.com\/wp-content\/uploads\/2024\/05\/Venezia-GoldAki_low-1024x724-1.webp 780w, https:\/\/pergolasuntech.com\/wp-content\/uploads\/2024\/05\/Venezia-GoldAki_low-1024x724-1.webp 360w\" sizes=\"auto, (max-width: 480px) 150px\" src=\"https:\/\/pergolasuntech.com\/wp-content\/uploads\/2024\/05\/Venezia-GoldAki_low-1024x724-1.webp\" alt=\"\" class=\"uag-image-2315\" width=\"560\" height=\"400\" title=\"Venezia-GoldAki_low-1024x724-1\" role=\"img\"\/><\/figure><\/div>\n<\/div>\n<\/div><\/div>\n\n\n\n<div class=\"wp-block-uagb-container uagb-block-06b024ea alignfull uagb-is-root-container\"><div class=\"uagb-container-inner-blocks-wrap\">\n<div class=\"wp-block-uagb-container uagb-block-9eea38a2\">\n<div class=\"wp-block-uagb-advanced-heading uagb-block-9e1f3372\"><h2 class=\"uagb-heading-text\"><a href=\"https:\/\/pergolasuntech.com\/en\/velas\/\">Shade Sails<\/a><\/h2><p class=\"uagb-desc-text\">Stylish and versatile, our custom shade sails offer UV protection and a fresh, contemporary look. Perfect for both residential and commercial environments<\/p><\/div>\n<\/div>\n\n\n\n<div class=\"wp-block-uagb-container uagb-block-ca121c8b\">\n<div class=\"wp-block-uagb-image alignleft uagb-block-d648c6ea wp-block-uagb-image--layout-default wp-block-uagb-image--effect-static wp-block-uagb-image--align-left\"><figure class=\"wp-block-uagb-image__figure\"><img loading=\"lazy\" decoding=\"async\" srcset=\"https:\/\/pergolasuntech.com\/wp-content\/uploads\/2024\/05\/ke-kheope-k13_1-1024x684.webp ,https:\/\/pergolasuntech.com\/wp-content\/uploads\/2024\/05\/ke-kheope-k13_1.webp 780w, https:\/\/pergolasuntech.com\/wp-content\/uploads\/2024\/05\/ke-kheope-k13_1.webp 360w\" sizes=\"auto, (max-width: 480px) 150px\" src=\"https:\/\/pergolasuntech.com\/wp-content\/uploads\/2024\/05\/ke-kheope-k13_1-1024x684.webp\" alt=\"\" class=\"uag-image-2316\" width=\"557\" height=\"400\" title=\"ke-kheope-k13_1\" role=\"img\"\/><\/figure><\/div>\n<\/div>\n<\/div><\/div>\n\n\n\n<div class=\"wp-block-uagb-container uagb-block-975bf1b0 alignfull uagb-is-root-container\"><div class=\"uagb-container-inner-blocks-wrap\">\n<div class=\"wp-block-uagb-container uagb-block-0ae9fe58\">\n<div class=\"wp-block-uagb-advanced-heading uagb-block-2e5874b8\"><h2 class=\"uagb-heading-text\">Vertical Screens<\/h2><p class=\"uagb-desc-text\">Enhance privacy and comfort with our premium vertical screens. Whether you're looking to block wind, keep insects away, or create separate zones, our systems offer discreet protection without sacrificing aesthetics. Perfect for terraces, balconies, or outdoor dining areas.<\/p><\/div>\n<\/div>\n\n\n\n<div class=\"wp-block-uagb-container uagb-block-9d54982e\">\n<div class=\"wp-block-uagb-image alignleft uagb-block-29772501 wp-block-uagb-image--layout-default wp-block-uagb-image--effect-static wp-block-uagb-image--align-left\"><figure class=\"wp-block-uagb-image__figure\"><img loading=\"lazy\" decoding=\"async\" srcset=\"https:\/\/pergolasuntech.com\/wp-content\/uploads\/2024\/05\/ke_outdoor_design_tende_a_rullo_screeny_130_GC_cabrio_S27_1-1024x682.webp ,https:\/\/pergolasuntech.com\/wp-content\/uploads\/2024\/05\/ke_outdoor_design_tende_a_rullo_screeny_130_GC_cabrio_S27_1.webp 780w, https:\/\/pergolasuntech.com\/wp-content\/uploads\/2024\/05\/ke_outdoor_design_tende_a_rullo_screeny_130_GC_cabrio_S27_1.webp 360w\" sizes=\"auto, (max-width: 480px) 150px\" src=\"https:\/\/pergolasuntech.com\/wp-content\/uploads\/2024\/05\/ke_outdoor_design_tende_a_rullo_screeny_130_GC_cabrio_S27_1-1024x682.webp\" alt=\"\" class=\"uag-image-2317\" width=\"560\" height=\"400\" title=\"ke_outdoor_design_tende_a_rullo_screeny_130_GC_cabrio_S27_1\" role=\"img\"\/><\/figure><\/div>\n<\/div>\n<\/div><\/div>\n<\/div><\/div>\n\n\n\n<div class=\"wp-block-uagb-container uagb-block-625fb0d3 alignfull uagb-is-root-container\"><div class=\"uagb-container-inner-blocks-wrap\">\n<div class=\"wp-block-uagb-info-box uagb-block-bff49d32 uagb-infobox__content-wrap  uagb-infobox-icon-above-title uagb-infobox-image-valign-top\"><div class=\"uagb-ifb-content\"><div class=\"uagb-ifb-title-wrap\"><span class=\"uagb-ifb-title-prefix\">Need Help with Your Project?<\/span><h2 class=\"uagb-ifb-title\">We offer free guidance and personalized quotes tailored to your space and needs.<\/h2><\/div><\/div><\/div>\n\n\n\n<div class=\"wp-block-uagb-container uagb-block-21080981\">\n<div class=\"wp-block-uagb-container uagb-block-9c0f7461\">\n<div class=\"wp-block-uagb-advanced-heading uagb-block-79c63245\"><h2 class=\"uagb-heading-text\">+34<\/h2><\/div>\n<\/div>\n\n\n\n<div class=\"wp-block-uagb-container uagb-block-e29aff40\">\n<div class=\"wp-block-uagb-advanced-heading uagb-block-4135ca9a\"><h2 class=\"uagb-heading-text\">617 81 80 45<\/h2><\/div>\n<\/div>\n<\/div>\n\n\n\n<div class=\"wp-block-uagb-buttons uagb-buttons__outer-wrap uagb-btn__default-btn uagb-btn-tablet__default-btn uagb-btn-mobile__default-btn uagb-block-265aa9c9\"><div class=\"uagb-buttons__wrap uagb-buttons-layout-wrap\">\n<div class=\"wp-block-uagb-buttons-child uagb-buttons__outer-wrap uagb-block-ff102d9c wp-block-button\"><div class=\"uagb-button__wrapper\"><a class=\"uagb-buttons-repeater wp-block-button__link\" aria-label=\"\" href=\"\/en\/contact\/\" rel=\"follow noopener\" target=\"_self\" role=\"button\"><div class=\"uagb-button__link\">CONTACT US<\/div><\/a><\/div><\/div>\n<\/div><\/div>\n<\/div><\/div>","protected":false},"excerpt":{"rendered":"<p>P\u00e9rgolas Bioclimaticas Experimenta la perfecta armon\u00eda entre la naturaleza y la tecnolog\u00eda con nuestras vanguardistas p\u00e9rgolas bioclim\u00e1ticas. Estas estructuras innovadoras [&hellip;]<\/p>\n","protected":false},"author":1,"featured_media":0,"parent":0,"menu_order":200,"comment_status":"closed","ping_status":"closed","template":"","meta":{"_seopress_robots_primary_cat":"","_seopress_titles_title":"","_seopress_titles_desc":"","_seopress_robots_index":"","_seopress_analysis_target_kw":"","_uag_custom_page_level_css":"","site-sidebar-layout":"default","site-content-layout":"","ast-site-content-layout":"","site-content-style":"default","site-sidebar-style":"default","ast-global-header-display":"","ast-banner-title-visibility":"","ast-main-header-display":"","ast-hfb-above-header-display":"","ast-hfb-below-header-display":"","ast-hfb-mobile-header-display":"","site-post-title":"disabled","ast-breadcrumbs-content":"","ast-featured-img":"","footer-sml-layout":"","ast-disable-related-posts":"","theme-transparent-header-meta":"","adv-header-id-meta":"","stick-header-meta":"","header-above-stick-meta":"","header-main-stick-meta":"","header-below-stick-meta":"","astra-migrate-meta-layouts":"default","ast-page-background-enabled":"default","ast-page-background-meta":{"desktop":{"background-color":"var(--ast-global-color-4)","background-image":"","background-repeat":"repeat","background-position":"center center","background-size":"auto","background-attachment":"scroll","background-type":"","background-media":"","overlay-type":"","overlay-color":"","overlay-opacity":"","overlay-gradient":""},"tablet":{"background-color":"","background-image":"","background-repeat":"repeat","background-position":"center center","background-size":"auto","background-attachment":"scroll","background-type":"","background-media":"","overlay-type":"","overlay-color":"","overlay-opacity":"","overlay-gradient":""},"mobile":{"background-color":"","background-image":"","background-repeat":"repeat","background-position":"center center","background-size":"auto","background-attachment":"scroll","background-type":"","background-media":"","overlay-type":"","overlay-color":"","overlay-opacity":"","overlay-gradient":""}},"ast-content-background-meta":{"desktop":{"background-color":"var(--ast-global-color-5)","background-image":"","background-repeat":"repeat","background-position":"center center","background-size":"auto","background-attachment":"scroll","background-type":"","background-media":"","overlay-type":"","overlay-color":"","overlay-opacity":"","overlay-gradient":""},"tablet":{"background-color":"var(--ast-global-color-5)","background-image":"","background-repeat":"repeat","background-position":"center center","background-size":"auto","background-attachment":"scroll","background-type":"","background-media":"","overlay-type":"","overlay-color":"","overlay-opacity":"","overlay-gradient":""},"mobile":{"background-color":"var(--ast-global-color-5)","background-image":"","background-repeat":"repeat","background-position":"center center","background-size":"auto","background-attachment":"scroll","background-type":"","background-media":"","overlay-type":"","overlay-color":"","overlay-opacity":"","overlay-gradient":""}},"footnotes":""},"class_list":["post-2846","page","type-page","status-publish","hentry"],"uagb_featured_image_src":{"full":false,"thumbnail":false,"medium":false,"medium_large":false,"large":false,"1536x1536":false,"2048x2048":false,"trp-custom-language-flag":false},"uagb_author_info":{"display_name":"pergolasuntech.com","author_link":"https:\/\/pergolasuntech.com\/en\/author\/pergolasuntech-com\/"},"uagb_comment_info":0,"uagb_excerpt":"P\u00e9rgolas Bioclimaticas Experimenta la perfecta armon\u00eda entre la naturaleza y la tecnolog\u00eda con nuestras vanguardistas p\u00e9rgolas bioclim\u00e1ticas. Estas estructuras innovadoras [&hellip;]","_links":{"self":[{"href":"https:\/\/pergolasuntech.com\/en\/wp-json\/wp\/v2\/pages\/2846","targetHints":{"allow":["GET"]}}],"collection":[{"href":"https:\/\/pergolasuntech.com\/en\/wp-json\/wp\/v2\/pages"}],"about":[{"href":"https:\/\/pergolasuntech.com\/en\/wp-json\/wp\/v2\/types\/page"}],"author":[{"embeddable":true,"href":"https:\/\/pergolasuntech.com\/en\/wp-json\/wp\/v2\/users\/1"}],"replies":[{"embeddable":true,"href":"https:\/\/pergolasuntech.com\/en\/wp-json\/wp\/v2\/comments?post=2846"}],"version-history":[{"count":4,"href":"https:\/\/pergolasuntech.com\/en\/wp-json\/wp\/v2\/pages\/2846\/revisions"}],"predecessor-version":[{"id":2957,"href":"https:\/\/pergolasuntech.com\/en\/wp-json\/wp\/v2\/pages\/2846\/revisions\/2957"}],"wp:attachment":[{"href":"https:\/\/pergolasuntech.com\/en\/wp-json\/wp\/v2\/media?parent=2846"}],"curies":[{"name":"wp","href":"https:\/\/api.w.org\/{rel}","templated":true}]}}