{"id":2856,"date":"2025-07-07T18:16:50","date_gmt":"2025-07-07T16:16:50","guid":{"rendered":"https:\/\/pergolasuntech.com\/?page_id=2856"},"modified":"2025-07-31T18:37:18","modified_gmt":"2025-07-31T16:37:18","slug":"pergola-bioclimatica-marbella-estepona","status":"publish","type":"page","link":"https:\/\/pergolasuntech.com\/en\/pergola-bioclimatica-marbella-estepona\/","title":{"rendered":"PERGOLA BIOCLIMATICA"},"content":{"rendered":"<div class=\"wp-block-uagb-container uagb-block-h2jw78ee alignfull uagb-is-root-container\"><div class=\"uagb-container-inner-blocks-wrap\">\n<div class=\"wp-block-uagb-info-box uagb-block-1xbsivjs uagb-infobox__content-wrap  uagb-infobox-icon-above-title uagb-infobox-image-valign-top\"><div class=\"uagb-ifb-content\"><div class=\"uagb-ifb-title-wrap\"><p class=\"uagb-ifb-title-prefix\"><br><br><br><br><\/p><h1 class=\"uagb-ifb-title\">BIOCLIMATIC PERGOLA<br>Marbella &amp; Estepona<\/h1><\/div><p class=\"uagb-ifb-desc\">Enjoy the outdoors all year round. Our innovative aluminum pergolas offer an elegant and modern solution to transform ordinary outdoor spaces into comfortable living areas full of light and style.<br><\/p><\/div><\/div>\n<\/div><\/div>\n\n\n\n<div class=\"wp-block-uagb-container uagb-block-nulwely4 alignfull uagb-is-root-container\"><div class=\"uagb-container-inner-blocks-wrap\">\n<div class=\"wp-block-uagb-image alignleft uagb-block-ow7ecdgf wp-block-uagb-image--layout-default wp-block-uagb-image--effect-static wp-block-uagb-image--align-left\"><figure class=\"wp-block-uagb-image__figure\"><img loading=\"lazy\" decoding=\"async\" srcset=\"https:\/\/pergolasuntech.com\/wp-content\/uploads\/2024\/05\/KE_Castello-di-Rosciano_14-1024x683.jpg ,https:\/\/pergolasuntech.com\/wp-content\/uploads\/2024\/05\/KE_Castello-di-Rosciano_14-scaled.jpg 780w, https:\/\/pergolasuntech.com\/wp-content\/uploads\/2024\/05\/KE_Castello-di-Rosciano_14-scaled.jpg 360w\" sizes=\"auto, (max-width: 480px) 150px\" src=\"https:\/\/pergolasuntech.com\/wp-content\/uploads\/2024\/05\/KE_Castello-di-Rosciano_14-1024x683.jpg\" alt=\"pergolas bioclimaticas marbella &amp; estepona\" class=\"uag-image-2438\" width=\"1200\" height=\"350\" title=\"KE_Castello-di-Rosciano_14\" role=\"img\"\/><\/figure><\/div>\n\n\n\n<div class=\"wp-block-uagb-container uagb-block-faejtutc\">\n<div class=\"wp-block-uagb-info-box uagb-block-1mm6hbta uagb-infobox__content-wrap  uagb-infobox-icon-above-title uagb-infobox-image-valign-top\"><div class=\"uagb-ifb-content\"><div class=\"uagb-ifb-title-wrap\"><h2 class=\"uagb-ifb-title\">Pergolas: Elegance and Functionality for Your Outdoor Space<\/h2><\/div><\/div><\/div>\n\n\n\n<div class=\"wp-block-uagb-info-box uagb-block-jjmzrui7 uagb-infobox__content-wrap  uagb-infobox-icon-above-title uagb-infobox-image-valign-top\"><div class=\"uagb-ifb-content\"><div class=\"uagb-ifb-title-wrap\"><\/div><p class=\"uagb-ifb-desc\">Imagine relaxing in your garden or terrace under a motorized, sliding roof that lets in just the right amount of sunlight. Our wall-mounted pergolas protect you from harsh sun and rain, while their customizable design adapts perfectly to the architecture and style of your home.\n\nWith automated systems and double-layer covers, you can effortlessly control light, ventilation, and rain protection\u2014creating the ideal atmosphere at the push of a button.<br>With custom options in height, roof design, and integrated automation, you can easily adjust light and ventilation with the push of a button. Double-layer coverings make these pergolas ideal even on rainy days\u2014offering comfort and control in every season.<\/p><\/div><\/div>\n<\/div>\n\n\n\n<div class=\"wp-block-uagb-buttons uagb-buttons__outer-wrap uagb-btn__default-btn uagb-btn-tablet__default-btn uagb-btn-mobile__default-btn uagb-block-5f93507b\"><div class=\"uagb-buttons__wrap uagb-buttons-layout-wrap\">\n<div class=\"wp-block-uagb-buttons-child uagb-buttons__outer-wrap uagb-block-b5503af4 wp-block-button\"><div class=\"uagb-button__wrapper\"><a class=\"uagb-buttons-repeater ast-outline-button\" aria-label=\"\" style=\"border-width:revert-layer\" href=\"\/en\/contact\/\" rel=\"follow noopener\" target=\"_self\" role=\"button\"><div class=\"uagb-button__link\">CONTACT US<\/div><\/a><\/div><\/div>\n<\/div><\/div>\n<\/div><\/div>\n\n\n\n<div class=\"wp-block-uagb-container uagb-block-rhqjdfpo alignfull uagb-is-root-container\"><div class=\"uagb-container-inner-blocks-wrap\">\n<div class=\"wp-block-uagb-info-box uagb-block-zdy4hjsf uagb-infobox__content-wrap  uagb-infobox-icon-above-title uagb-infobox-image-valign-top\"><div class=\"uagb-ifb-content\"><div class=\"uagb-ifb-title-wrap\"><h2 class=\"uagb-ifb-title\">Aluminum Louvered Pergola<\/h2><\/div><p class=\"uagb-ifb-desc\">Our adjustable aluminum blades offer full protection from sunlight, wind, and rain. Designed for flexibility and durability, they ensure year-round comfort on your terrace, garden, or rooftop.\n\nTheir ability to adapt to changing conditions makes them a reliable, modern, and low-maintenance solution for any outdoor area.<br><\/p><\/div><\/div>\n\n\n\n<div class=\"wp-block-uagb-container uagb-block-zokqyfyg\">\n<div class=\"wp-block-uagb-container uagb-block-nyeudzuw\">\n<div class=\"wp-block-uagb-image alignleft uagb-block-scv8gpmj wp-block-uagb-image--layout-default wp-block-uagb-image--effect-static wp-block-uagb-image--align-left\"><figure class=\"wp-block-uagb-image__figure\"><img loading=\"lazy\" decoding=\"async\" srcset=\"https:\/\/pergolasuntech.com\/wp-content\/uploads\/2024\/05\/KEDRY-SKYLIFE-ADD_DOPPIA_PAR-2_low_sito-1024x724.jpg ,https:\/\/pergolasuntech.com\/wp-content\/uploads\/2024\/05\/KEDRY-SKYLIFE-ADD_DOPPIA_PAR-2_low_sito.jpg 780w, https:\/\/pergolasuntech.com\/wp-content\/uploads\/2024\/05\/KEDRY-SKYLIFE-ADD_DOPPIA_PAR-2_low_sito.jpg 360w\" sizes=\"auto, (max-width: 480px) 150px\" src=\"https:\/\/pergolasuntech.com\/wp-content\/uploads\/2024\/05\/KEDRY-SKYLIFE-ADD_DOPPIA_PAR-2_low_sito-1024x724.jpg\" alt=\"pergolas bioclimaticas marbella &amp; estepona kedry\" class=\"uag-image-2380\" width=\"368\" height=\"450\" title=\"KEDRY-SKYLIFE-ADD_DOPPIA_PAR-2_low_sito\" role=\"img\"\/><\/figure><\/div>\n\n\n\n<div class=\"wp-block-uagb-info-box uagb-block-gyaza4ln uagb-infobox__content-wrap  uagb-infobox-icon-above-title uagb-infobox-image-valign-top\"><div class=\"uagb-ifb-content\"><div class=\"uagb-ifb-title-wrap\"><h3 class=\"uagb-ifb-title\">Kedry Skylife<\/h3><\/div><p class=\"uagb-ifb-desc\">Con un exclusivo sistema de lamas giratorias y un techo retr\u00e1ctil autom\u00e1tico, Kedry Skylife permite un control preciso de la luz natural, ventilaci\u00f3n y protecci\u00f3n solar. Ideal tanto para usos residenciales como comerciales, protege eficazmente del sol, el viento y la lluvia, integr\u00e1ndose con elegancia en cualquier entorno.<br>Su estructura modular facilita la integraci\u00f3n y futuras ampliaciones. La iluminaci\u00f3n LED integrada realza el ambiente y su automatizaci\u00f3n completa permite gestionarla c\u00f3modamente desde el m\u00f3vil, garantizando confort en todo momento.<\/p><\/div><\/div>\n\n\n\n<div class=\"wp-block-uagb-image uagb-block-69280524 wp-block-uagb-image--layout-default wp-block-uagb-image--effect-static wp-block-uagb-image--align-none\"><figure class=\"wp-block-uagb-image__figure\"><img loading=\"lazy\" decoding=\"async\" srcset=\"https:\/\/pergolasuntech.com\/wp-content\/uploads\/2024\/05\/Captura-de-pantalla-2024-05-08-a-las-16.45.33.png ,https:\/\/pergolasuntech.com\/wp-content\/uploads\/2024\/05\/Captura-de-pantalla-2024-05-08-a-las-16.45.33.png 780w, https:\/\/pergolasuntech.com\/wp-content\/uploads\/2024\/05\/Captura-de-pantalla-2024-05-08-a-las-16.45.33.png 360w\" sizes=\"auto, (max-width: 480px) 150px\" src=\"https:\/\/pergolasuntech.com\/wp-content\/uploads\/2024\/05\/Captura-de-pantalla-2024-05-08-a-las-16.45.33.png\" alt=\"\" class=\"uag-image-2352\" width=\"342\" height=\"551\" title=\"Captura-de-pantalla-2024-05-08-a-las-16.45.33\" role=\"img\"\/><\/figure><\/div>\n\n\n\n<div class=\"wp-block-uagb-image uagb-block-59bb9d96 wp-block-uagb-image--layout-default wp-block-uagb-image--effect-static wp-block-uagb-image--align-none\"><figure class=\"wp-block-uagb-image__figure\"><img loading=\"lazy\" decoding=\"async\" srcset=\"https:\/\/pergolasuntech.com\/wp-content\/uploads\/2024\/05\/Captura-de-pantalla-2024-05-08-a-las-16.48.31.png ,https:\/\/pergolasuntech.com\/wp-content\/uploads\/2024\/05\/Captura-de-pantalla-2024-05-08-a-las-16.48.31.png 780w, https:\/\/pergolasuntech.com\/wp-content\/uploads\/2024\/05\/Captura-de-pantalla-2024-05-08-a-las-16.48.31.png 360w\" sizes=\"auto, (max-width: 480px) 150px\" src=\"https:\/\/pergolasuntech.com\/wp-content\/uploads\/2024\/05\/Captura-de-pantalla-2024-05-08-a-las-16.48.31.png\" alt=\"\" class=\"uag-image-2353\" width=\"323\" height=\"206\" title=\"Captura-de-pantalla-2024-05-08-a-las-16.48.31\" role=\"img\"\/><\/figure><\/div>\n\n\n\n<div class=\"wp-block-uagb-buttons uagb-buttons__outer-wrap uagb-btn__default-btn uagb-btn-tablet__default-btn uagb-btn-mobile__default-btn uagb-block-a1kkig9w\"><div class=\"uagb-buttons__wrap uagb-buttons-layout-wrap\">\n<div class=\"wp-block-uagb-buttons-child uagb-buttons__outer-wrap uagb-block-z8mxuahy wp-block-button\"><div class=\"uagb-button__wrapper\"><a class=\"uagb-buttons-repeater ast-outline-button\" aria-label=\"\" style=\"border-width:revert-layer\" href=\"\/en\/contact\/\" rel=\"follow noopener\" target=\"_self\" role=\"button\"><div class=\"uagb-button__link\">CONTACT US<\/div><span class=\"uagb-button__icon uagb-button__icon-position-after\"><svg xmlns=\"https:\/\/www.w3.org\/2000\/svg\" viewbox=\"0 0 320 512\" aria-hidden=\"true\" focussable=\"false\"><path d=\"M96 480c-8.188 0-16.38-3.125-22.62-9.375c-12.5-12.5-12.5-32.75 0-45.25L242.8 256L73.38 86.63c-12.5-12.5-12.5-32.75 0-45.25s32.75-12.5 45.25 0l192 192c12.5 12.5 12.5 32.75 0 45.25l-192 192C112.4 476.9 104.2 480 96 480z\"><\/path><\/svg><\/span><\/a><\/div><\/div>\n<\/div><\/div>\n<\/div>\n\n\n\n<div class=\"wp-block-uagb-container uagb-block-biiyj6uf\">\n<div class=\"wp-block-uagb-image alignleft uagb-block-yxyiqfct wp-block-uagb-image--layout-default wp-block-uagb-image--effect-static wp-block-uagb-image--align-left\"><figure class=\"wp-block-uagb-image__figure\"><img loading=\"lazy\" decoding=\"async\" srcset=\"https:\/\/pergolasuntech.com\/wp-content\/uploads\/2024\/05\/DSC4676-1024x684.jpg ,https:\/\/pergolasuntech.com\/wp-content\/uploads\/2024\/05\/DSC4676-scaled.jpg 780w, https:\/\/pergolasuntech.com\/wp-content\/uploads\/2024\/05\/DSC4676-scaled.jpg 360w\" sizes=\"auto, (max-width: 480px) 150px\" src=\"https:\/\/pergolasuntech.com\/wp-content\/uploads\/2024\/05\/DSC4676-1024x684.jpg\" alt=\"pergolas bioclimaticas marbella &amp; estepona prime\" class=\"uag-image-2381\" width=\"368\" height=\"450\" title=\"DSC4676\" role=\"img\"\/><\/figure><\/div>\n\n\n\n<div class=\"wp-block-uagb-info-box uagb-block-vqvdbvdm uagb-infobox__content-wrap  uagb-infobox-icon-above-title uagb-infobox-image-valign-top\"><div class=\"uagb-ifb-content\"><div class=\"uagb-ifb-title-wrap\"><h3 class=\"uagb-ifb-title\">Kedry Prime<\/h3><\/div><p class=\"uagb-ifb-desc\">Kedry Prime combines refined aesthetics and top functionality in an all-aluminum structure with adjustable louvers. Designed to withstand sun, wind, and rain, it offers tailor-made outdoor shading solutions with a contemporary look. Whether attached to a fa\u00e7ade or used in open spaces, it\u2019s the perfect choice for clients seeking premium outdoor comfort with minimalist design.<br><br><\/p><\/div><\/div>\n\n\n\n<div class=\"wp-block-uagb-image uagb-block-7b3036bb wp-block-uagb-image--layout-default wp-block-uagb-image--effect-static wp-block-uagb-image--align-none\"><figure class=\"wp-block-uagb-image__figure\"><img loading=\"lazy\" decoding=\"async\" srcset=\"https:\/\/pergolasuntech.com\/wp-content\/uploads\/2024\/05\/Captura-de-pantalla-2024-05-08-a-las-17.24.26.png ,https:\/\/pergolasuntech.com\/wp-content\/uploads\/2024\/05\/Captura-de-pantalla-2024-05-08-a-las-17.24.26.png 780w, https:\/\/pergolasuntech.com\/wp-content\/uploads\/2024\/05\/Captura-de-pantalla-2024-05-08-a-las-17.24.26.png 360w\" sizes=\"auto, (max-width: 480px) 150px\" src=\"https:\/\/pergolasuntech.com\/wp-content\/uploads\/2024\/05\/Captura-de-pantalla-2024-05-08-a-las-17.24.26.png\" alt=\"\" class=\"uag-image-2355\" width=\"352\" height=\"384\" title=\"Captura-de-pantalla-2024-05-08-a-las-17.24.26\" role=\"img\"\/><\/figure><\/div>\n\n\n\n<div class=\"wp-block-uagb-image uagb-block-de843234 wp-block-uagb-image--layout-default wp-block-uagb-image--effect-static wp-block-uagb-image--align-none\"><figure class=\"wp-block-uagb-image__figure\"><img loading=\"lazy\" decoding=\"async\" srcset=\"https:\/\/pergolasuntech.com\/wp-content\/uploads\/2024\/05\/Captura-de-pantalla-2024-05-08-a-las-17.24.36.png ,https:\/\/pergolasuntech.com\/wp-content\/uploads\/2024\/05\/Captura-de-pantalla-2024-05-08-a-las-17.24.36.png 780w, https:\/\/pergolasuntech.com\/wp-content\/uploads\/2024\/05\/Captura-de-pantalla-2024-05-08-a-las-17.24.36.png 360w\" sizes=\"auto, (max-width: 480px) 150px\" src=\"https:\/\/pergolasuntech.com\/wp-content\/uploads\/2024\/05\/Captura-de-pantalla-2024-05-08-a-las-17.24.36.png\" alt=\"\" class=\"uag-image-2356\" width=\"308\" height=\"180\" title=\"Captura-de-pantalla-2024-05-08-a-las-17.24.36\" role=\"img\"\/><\/figure><\/div>\n\n\n\n<div class=\"wp-block-uagb-image uagb-block-200343c8 wp-block-uagb-image--layout-default wp-block-uagb-image--effect-static wp-block-uagb-image--align-none\"><figure class=\"wp-block-uagb-image__figure\"><img loading=\"lazy\" decoding=\"async\" srcset=\"https:\/\/pergolasuntech.com\/wp-content\/uploads\/2024\/05\/Captura-de-pantalla-2024-05-08-a-las-17.26.56.png ,https:\/\/pergolasuntech.com\/wp-content\/uploads\/2024\/05\/Captura-de-pantalla-2024-05-08-a-las-17.26.56.png 780w, https:\/\/pergolasuntech.com\/wp-content\/uploads\/2024\/05\/Captura-de-pantalla-2024-05-08-a-las-17.26.56.png 360w\" sizes=\"auto, (max-width: 480px) 150px\" src=\"https:\/\/pergolasuntech.com\/wp-content\/uploads\/2024\/05\/Captura-de-pantalla-2024-05-08-a-las-17.26.56.png\" alt=\"\" class=\"uag-image-2359\" width=\"354\" height=\"388\" title=\"Captura-de-pantalla-2024-05-08-a-las-17.26.56\" role=\"img\"\/><\/figure><\/div>\n\n\n\n<div class=\"wp-block-uagb-buttons uagb-buttons__outer-wrap uagb-btn__default-btn uagb-btn-tablet__default-btn uagb-btn-mobile__default-btn uagb-block-cblnjqfi\"><div class=\"uagb-buttons__wrap uagb-buttons-layout-wrap\">\n<div class=\"wp-block-uagb-buttons-child uagb-buttons__outer-wrap uagb-block-obovrs5a wp-block-button\"><div class=\"uagb-button__wrapper\"><a class=\"uagb-buttons-repeater ast-outline-button\" aria-label=\"\" style=\"border-width:revert-layer\" href=\"\/en\/contact\/\" rel=\"follow noopener\" target=\"_self\" role=\"button\"><div class=\"uagb-button__link\">CONTACT US<\/div><span class=\"uagb-button__icon uagb-button__icon-position-after\"><svg xmlns=\"https:\/\/www.w3.org\/2000\/svg\" viewbox=\"0 0 320 512\" aria-hidden=\"true\" focussable=\"false\"><path d=\"M96 480c-8.188 0-16.38-3.125-22.62-9.375c-12.5-12.5-12.5-32.75 0-45.25L242.8 256L73.38 86.63c-12.5-12.5-12.5-32.75 0-45.25s32.75-12.5 45.25 0l192 192c12.5 12.5 12.5 32.75 0 45.25l-192 192C112.4 476.9 104.2 480 96 480z\"><\/path><\/svg><\/span><\/a><\/div><\/div>\n<\/div><\/div>\n<\/div>\n\n\n\n<div class=\"wp-block-uagb-container uagb-block-txmwwasj\">\n<div class=\"wp-block-uagb-image alignleft uagb-block-8qj8tr9s wp-block-uagb-image--layout-default wp-block-uagb-image--effect-static wp-block-uagb-image--align-left\"><figure class=\"wp-block-uagb-image__figure\"><img loading=\"lazy\" decoding=\"async\" srcset=\"https:\/\/pergolasuntech.com\/wp-content\/uploads\/2024\/05\/Aluminium-Pergola-with-sides-4-1024x576-1.webp ,https:\/\/pergolasuntech.com\/wp-content\/uploads\/2024\/05\/Aluminium-Pergola-with-sides-4-1024x576-1.webp 780w, https:\/\/pergolasuntech.com\/wp-content\/uploads\/2024\/05\/Aluminium-Pergola-with-sides-4-1024x576-1.webp 360w\" sizes=\"auto, (max-width: 480px) 150px\" src=\"https:\/\/pergolasuntech.com\/wp-content\/uploads\/2024\/05\/Aluminium-Pergola-with-sides-4-1024x576-1.webp\" alt=\"pergolas bioclimaticas marbella &amp; estepona plus\" class=\"uag-image-2325\" width=\"368\" height=\"450\" title=\"Aluminium-Pergola-with-sides-4-1024x576-1\" role=\"img\"\/><\/figure><\/div>\n\n\n\n<div class=\"wp-block-uagb-info-box uagb-block-7ef0qnab uagb-infobox__content-wrap  uagb-infobox-icon-above-title uagb-infobox-image-valign-top\"><div class=\"uagb-ifb-content\"><div class=\"uagb-ifb-title-wrap\"><h3 class=\"uagb-ifb-title\">Kedry Plus<\/h3><\/div><p class=\"uagb-ifb-desc\">Kedry Plus is a freestanding bioclimatic pergola built with rotatable aluminum blades and an innovative lateral gutter system for efficient rainwater drainage. Its solid architecture and clean lines make it a standout solution for gardens, rooftops, or poolside areas. Durable, customizable, and visually striking, it\u2019s ideal for those who want freedom in design and long-term outdoor performance.<br><\/p><\/div><\/div>\n\n\n\n<div class=\"wp-block-uagb-image uagb-block-9f0b9f5e wp-block-uagb-image--layout-default wp-block-uagb-image--effect-static wp-block-uagb-image--align-none\"><figure class=\"wp-block-uagb-image__figure\"><img loading=\"lazy\" decoding=\"async\" srcset=\"https:\/\/pergolasuntech.com\/wp-content\/uploads\/2024\/05\/Captura-de-pantalla-2024-05-08-a-las-17.28.43.png ,https:\/\/pergolasuntech.com\/wp-content\/uploads\/2024\/05\/Captura-de-pantalla-2024-05-08-a-las-17.28.43.png 780w, https:\/\/pergolasuntech.com\/wp-content\/uploads\/2024\/05\/Captura-de-pantalla-2024-05-08-a-las-17.28.43.png 360w\" sizes=\"auto, (max-width: 480px) 150px\" src=\"https:\/\/pergolasuntech.com\/wp-content\/uploads\/2024\/05\/Captura-de-pantalla-2024-05-08-a-las-17.28.43.png\" alt=\"\" class=\"uag-image-2360\" width=\"357\" height=\"393\" title=\"Captura-de-pantalla-2024-05-08-a-las-17.28.43\" role=\"img\"\/><\/figure><\/div>\n\n\n\n<div class=\"wp-block-uagb-image uagb-block-e64b59e9 wp-block-uagb-image--layout-default wp-block-uagb-image--effect-static wp-block-uagb-image--align-none\"><figure class=\"wp-block-uagb-image__figure\"><img loading=\"lazy\" decoding=\"async\" srcset=\"https:\/\/pergolasuntech.com\/wp-content\/uploads\/2024\/05\/Captura-de-pantalla-2024-05-08-a-las-17.26.56-1.png ,https:\/\/pergolasuntech.com\/wp-content\/uploads\/2024\/05\/Captura-de-pantalla-2024-05-08-a-las-17.26.56-1.png 780w, https:\/\/pergolasuntech.com\/wp-content\/uploads\/2024\/05\/Captura-de-pantalla-2024-05-08-a-las-17.26.56-1.png 360w\" sizes=\"auto, (max-width: 480px) 150px\" src=\"https:\/\/pergolasuntech.com\/wp-content\/uploads\/2024\/05\/Captura-de-pantalla-2024-05-08-a-las-17.26.56-1.png\" alt=\"\" class=\"uag-image-2361\" width=\"339\" height=\"359\" title=\"Captura-de-pantalla-2024-05-08-a-las-17.26.56-1\" role=\"img\"\/><\/figure><\/div>\n\n\n\n<div class=\"wp-block-uagb-buttons uagb-buttons__outer-wrap uagb-btn__default-btn uagb-btn-tablet__default-btn uagb-btn-mobile__default-btn uagb-block-4l0usicu\"><div class=\"uagb-buttons__wrap uagb-buttons-layout-wrap\">\n<div class=\"wp-block-uagb-buttons-child uagb-buttons__outer-wrap uagb-block-x1byc4mz wp-block-button\"><div class=\"uagb-button__wrapper\"><a class=\"uagb-buttons-repeater ast-outline-button\" aria-label=\"\" style=\"border-width:revert-layer\" href=\"\/en\/contact\/\" rel=\"follow noopener\" target=\"_self\" role=\"button\"><div class=\"uagb-button__link\">Learn More<\/div><span class=\"uagb-button__icon uagb-button__icon-position-after\"><svg xmlns=\"https:\/\/www.w3.org\/2000\/svg\" viewbox=\"0 0 320 512\" aria-hidden=\"true\" focussable=\"false\"><path d=\"M96 480c-8.188 0-16.38-3.125-22.62-9.375c-12.5-12.5-12.5-32.75 0-45.25L242.8 256L73.38 86.63c-12.5-12.5-12.5-32.75 0-45.25s32.75-12.5 45.25 0l192 192c12.5 12.5 12.5 32.75 0 45.25l-192 192C112.4 476.9 104.2 480 96 480z\"><\/path><\/svg><\/span><\/a><\/div><\/div>\n<\/div><\/div>\n<\/div>\n<\/div>\n<\/div><\/div>\n\n\n\n<div class=\"wp-block-uagb-container uagb-block-hyirfyaj alignfull uagb-is-root-container\"><div class=\"uagb-container-inner-blocks-wrap\">\n<div class=\"wp-block-uagb-info-box uagb-block-ulfe7gqi uagb-infobox__content-wrap  uagb-infobox-icon-above-title uagb-infobox-image-valign-top\"><div class=\"uagb-ifb-content\"><div class=\"uagb-ifb-title-wrap\"><h2 class=\"uagb-ifb-title\">Call or email us for a free consultation<\/h2><\/div><\/div><\/div>\n\n\n\n<div class=\"wp-block-uagb-container uagb-block-bqmwpkdg\">\n<div class=\"wp-block-uagb-info-box uagb-block-p2uulzbp uagb-infobox__content-wrap  uagb-infobox-icon-above-title uagb-infobox-image-valign-top\"><div class=\"uagb-ifb-content\"><div class=\"uagb-ifb-title-wrap\"><\/div><p class=\"uagb-ifb-desc\">+34 617 81 80 45<\/p><\/div><\/div>\n\n\n\n<div class=\"wp-block-uagb-buttons uagb-buttons__outer-wrap uagb-btn__default-btn uagb-btn-tablet__default-btn uagb-btn-mobile__default-btn uagb-block-p7l2fvev\"><div class=\"uagb-buttons__wrap uagb-buttons-layout-wrap\">\n<div class=\"wp-block-uagb-buttons-child uagb-buttons__outer-wrap uagb-block-zlqlogqb wp-block-button\"><div class=\"uagb-button__wrapper\"><a class=\"uagb-buttons-repeater wp-block-button__link\" aria-label=\"\" href=\"\/en\/contact\/\" rel=\"follow noopener\" target=\"_self\" role=\"button\"><div class=\"uagb-button__link\">CONTACT US<\/div><\/a><\/div><\/div>\n<\/div><\/div>\n<\/div>\n<\/div><\/div>","protected":false},"excerpt":{"rendered":"","protected":false},"author":1,"featured_media":0,"parent":0,"menu_order":200,"comment_status":"closed","ping_status":"closed","template":"","meta":{"_seopress_robots_primary_cat":"","_seopress_titles_title":"P\u00e9rgolas Bioclim\u00e1ticas en Marbella & Estepona","_seopress_titles_desc":"Nuestras innovadoras p\u00e9rgolas bioclim\u00e1ticas de aluminio ofrecen una refinada soluci\u00f3n de dise\u00f1o, transformando espacios exteriores ordinarios en encantadoras zonas de estar para disfrutar todo el a\u00f1o en Marbella y Estepona...","_seopress_robots_index":"","_seopress_analysis_target_kw":"","_uag_custom_page_level_css":"","site-sidebar-layout":"default","site-content-layout":"","ast-site-content-layout":"default","site-content-style":"default","site-sidebar-style":"default","ast-global-header-display":"","ast-banner-title-visibility":"","ast-main-header-display":"","ast-hfb-above-header-display":"","ast-hfb-below-header-display":"","ast-hfb-mobile-header-display":"","site-post-title":"disabled","ast-breadcrumbs-content":"","ast-featured-img":"","footer-sml-layout":"","ast-disable-related-posts":"","theme-transparent-header-meta":"","adv-header-id-meta":"","stick-header-meta":"","header-above-stick-meta":"","header-main-stick-meta":"","header-below-stick-meta":"","astra-migrate-meta-layouts":"default","ast-page-background-enabled":"default","ast-page-background-meta":{"desktop":{"background-color":"var(--ast-global-color-4)","background-image":"","background-repeat":"repeat","background-position":"center center","background-size":"auto","background-attachment":"scroll","background-type":"","background-media":"","overlay-type":"","overlay-color":"","overlay-opacity":"","overlay-gradient":""},"tablet":{"background-color":"","background-image":"","background-repeat":"repeat","background-position":"center center","background-size":"auto","background-attachment":"scroll","background-type":"","background-media":"","overlay-type":"","overlay-color":"","overlay-opacity":"","overlay-gradient":""},"mobile":{"background-color":"","background-image":"","background-repeat":"repeat","background-position":"center center","background-size":"auto","background-attachment":"scroll","background-type":"","background-media":"","overlay-type":"","overlay-color":"","overlay-opacity":"","overlay-gradient":""}},"ast-content-background-meta":{"desktop":{"background-color":"var(--ast-global-color-5)","background-image":"","background-repeat":"repeat","background-position":"center center","background-size":"auto","background-attachment":"scroll","background-type":"","background-media":"","overlay-type":"","overlay-color":"","overlay-opacity":"","overlay-gradient":""},"tablet":{"background-color":"var(--ast-global-color-5)","background-image":"","background-repeat":"repeat","background-position":"center center","background-size":"auto","background-attachment":"scroll","background-type":"","background-media":"","overlay-type":"","overlay-color":"","overlay-opacity":"","overlay-gradient":""},"mobile":{"background-color":"var(--ast-global-color-5)","background-image":"","background-repeat":"repeat","background-position":"center center","background-size":"auto","background-attachment":"scroll","background-type":"","background-media":"","overlay-type":"","overlay-color":"","overlay-opacity":"","overlay-gradient":""}},"footnotes":""},"class_list":["post-2856","page","type-page","status-publish","hentry"],"uagb_featured_image_src":{"full":false,"thumbnail":false,"medium":false,"medium_large":false,"large":false,"1536x1536":false,"2048x2048":false,"trp-custom-language-flag":false},"uagb_author_info":{"display_name":"pergolasuntech.com","author_link":"https:\/\/pergolasuntech.com\/en\/author\/pergolasuntech-com\/"},"uagb_comment_info":0,"uagb_excerpt":null,"_links":{"self":[{"href":"https:\/\/pergolasuntech.com\/en\/wp-json\/wp\/v2\/pages\/2856","targetHints":{"allow":["GET"]}}],"collection":[{"href":"https:\/\/pergolasuntech.com\/en\/wp-json\/wp\/v2\/pages"}],"about":[{"href":"https:\/\/pergolasuntech.com\/en\/wp-json\/wp\/v2\/types\/page"}],"author":[{"embeddable":true,"href":"https:\/\/pergolasuntech.com\/en\/wp-json\/wp\/v2\/users\/1"}],"replies":[{"embeddable":true,"href":"https:\/\/pergolasuntech.com\/en\/wp-json\/wp\/v2\/comments?post=2856"}],"version-history":[{"count":5,"href":"https:\/\/pergolasuntech.com\/en\/wp-json\/wp\/v2\/pages\/2856\/revisions"}],"predecessor-version":[{"id":2975,"href":"https:\/\/pergolasuntech.com\/en\/wp-json\/wp\/v2\/pages\/2856\/revisions\/2975"}],"wp:attachment":[{"href":"https:\/\/pergolasuntech.com\/en\/wp-json\/wp\/v2\/media?parent=2856"}],"curies":[{"name":"wp","href":"https:\/\/api.w.org\/{rel}","templated":true}]}}